{"id":45,"date":"2024-02-03T03:02:38","date_gmt":"2024-02-03T02:02:38","guid":{"rendered":"https:\/\/alalbalingerie.comm\/?post_type=product&#038;p=45"},"modified":"2025-04-08T17:05:36","modified_gmt":"2025-04-08T22:05:36","slug":"corpino","status":"publish","type":"product","link":"https:\/\/alalbalingerie.com\/index.php\/producto\/corpino\/","title":{"rendered":"Set Corpi\u00f1o"},"content":{"rendered":"","protected":false},"excerpt":{"rendered":"<h3><strong>Descripci\u00f3n<\/strong><\/h3>\n<p>&nbsp;<\/p>\n<p>Set corpi\u00f1o, copa prehormada con varilla en microfibra recicladas\u00a0 de \u00faltima tecnolog\u00eda, es de segunda piel suave y de contacto fr\u00edo, con varillas laterales que marcan tu silueta, el panty es de silueta tipo control que genera composici\u00f3n, moldea tu figura de una manera arm\u00f3nica, c\u00f3moda y natural.<\/p>\n<p><span style=\"font-weight: 400;\">\u00a0<\/span><\/p>\n<h2><strong>C\u00f3mo usarlo:<\/strong><\/h2>\n<p><span style=\"font-weight: 400;\">Ideal para tu d\u00eda a d\u00eda, para un regalo especial, para una salida en la noche o simplemente para verte elegante y sentirte hermosa.<\/span><\/p>\n<p>&nbsp;<\/p>\n<p><em>POR RAZONES DE HIGIENE NUESTRAS PRENDAS NO TIENEN CAMBIOS NI DEVOLUCIONES.<\/em><\/p>\n<p>&nbsp;<\/p>\n<h2><strong>Materiales:<\/strong><\/h2>\n<p><span style=\"font-weight: 400;\">78% nylon, 22%spandex microfibra recicladas de \u00faltima tecnolog\u00eda, refuerzo 100% algod\u00f3n para tu cuidado \u00edntimos.<\/span><\/p>\n","protected":false},"featured_media":1595,"template":"","meta":[],"product_brand":[],"product_cat":[20,21],"product_tag":[],"class_list":{"0":"post-45","1":"product","2":"type-product","3":"status-publish","4":"has-post-thumbnail","6":"product_cat-corpino","7":"product_cat-ropainterior","9":"first","10":"instock","11":"shipping-taxable","12":"purchasable","13":"product-type-variable"},"acf":[],"yoast_head":"<!-- This site is optimized with the Yoast SEO plugin v24.8.1 - https:\/\/yoast.com\/wordpress\/plugins\/seo\/ -->\n<title>Set Corpi\u00f1o - Al Alba Lingerie<\/title>\n<meta name=\"robots\" content=\"index, follow, max-snippet:-1, max-image-preview:large, max-video-preview:-1\" \/>\n<link rel=\"canonical\" href=\"https:\/\/alalbalingerie.com\/index.php\/producto\/corpino\/\" \/>\n<meta property=\"og:locale\" content=\"es_ES\" \/>\n<meta property=\"og:type\" content=\"article\" \/>\n<meta property=\"og:title\" content=\"Set Corpi\u00f1o - Al Alba Lingerie\" \/>\n<meta property=\"og:description\" content=\"Descripci\u00f3n &nbsp;  Set corpi\u00f1o, copa prehormada con varilla en microfibra recicladas\u00a0 de \u00faltima tecnolog\u00eda, es de segunda piel suave y de contacto fr\u00edo, con varillas laterales que marcan tu silueta, el panty es de silueta tipo control que genera composici\u00f3n, moldea tu figura de una manera arm\u00f3nica, c\u00f3moda y natural.  \u00a0 C\u00f3mo usarlo: Ideal para tu d\u00eda a d\u00eda, para un regalo especial, para una salida en la noche o simplemente para verte elegante y sentirte hermosa.  &nbsp;  POR RAZONES DE HIGIENE NUESTRAS PRENDAS NO TIENEN CAMBIOS NI DEVOLUCIONES.  &nbsp; Materiales: 78% nylon, 22%spandex microfibra recicladas de \u00faltima tecnolog\u00eda, refuerzo 100% algod\u00f3n para tu cuidado \u00edntimos.\" \/>\n<meta property=\"og:url\" content=\"https:\/\/alalbalingerie.com\/index.php\/producto\/corpino\/\" \/>\n<meta property=\"og:site_name\" content=\"Al Alba Lingerie\" \/>\n<meta property=\"article:publisher\" content=\"https:\/\/www.facebook.com\/profile.php?id=61553399609754\" \/>\n<meta property=\"article:modified_time\" content=\"2025-04-08T22:05:36+00:00\" \/>\n<meta property=\"og:image\" content=\"https:\/\/alalbalingerie.com\/wp-content\/uploads\/2024\/02\/corppino-scaled.jpeg\" \/>\n\t<meta property=\"og:image:width\" content=\"1951\" \/>\n\t<meta property=\"og:image:height\" content=\"2560\" \/>\n\t<meta property=\"og:image:type\" content=\"image\/jpeg\" \/>\n<meta name=\"twitter:card\" content=\"summary_large_image\" \/>\n<meta name=\"twitter:label1\" content=\"Tiempo de lectura\" \/>\n\t<meta name=\"twitter:data1\" content=\"1 minuto\" \/>\n<script type=\"application\/ld+json\" class=\"yoast-schema-graph\">{\"@context\":\"https:\/\/schema.org\",\"@graph\":[{\"@type\":\"WebPage\",\"@id\":\"https:\/\/alalbalingerie.com\/index.php\/producto\/corpino\/\",\"url\":\"https:\/\/alalbalingerie.com\/index.php\/producto\/corpino\/\",\"name\":\"Set Corpi\u00f1o - Al Alba Lingerie\",\"isPartOf\":{\"@id\":\"https:\/\/alalbalingerie.com\/#website\"},\"primaryImageOfPage\":{\"@id\":\"https:\/\/alalbalingerie.com\/index.php\/producto\/corpino\/#primaryimage\"},\"image\":{\"@id\":\"https:\/\/alalbalingerie.com\/index.php\/producto\/corpino\/#primaryimage\"},\"thumbnailUrl\":\"https:\/\/alalbalingerie.com\/wp-content\/uploads\/2024\/02\/corppino-scaled.jpeg\",\"datePublished\":\"2024-02-03T02:02:38+00:00\",\"dateModified\":\"2025-04-08T22:05:36+00:00\",\"breadcrumb\":{\"@id\":\"https:\/\/alalbalingerie.com\/index.php\/producto\/corpino\/#breadcrumb\"},\"inLanguage\":\"es\",\"potentialAction\":[{\"@type\":\"ReadAction\",\"target\":[\"https:\/\/alalbalingerie.com\/index.php\/producto\/corpino\/\"]}]},{\"@type\":\"ImageObject\",\"inLanguage\":\"es\",\"@id\":\"https:\/\/alalbalingerie.com\/index.php\/producto\/corpino\/#primaryimage\",\"url\":\"https:\/\/alalbalingerie.com\/wp-content\/uploads\/2024\/02\/corppino-scaled.jpeg\",\"contentUrl\":\"https:\/\/alalbalingerie.com\/wp-content\/uploads\/2024\/02\/corppino-scaled.jpeg\",\"width\":1951,\"height\":2560},{\"@type\":\"BreadcrumbList\",\"@id\":\"https:\/\/alalbalingerie.com\/index.php\/producto\/corpino\/#breadcrumb\",\"itemListElement\":[{\"@type\":\"ListItem\",\"position\":1,\"name\":\"Portada\",\"item\":\"https:\/\/alalbalingerie.com\/\"},{\"@type\":\"ListItem\",\"position\":2,\"name\":\"Tienda\",\"item\":\"https:\/\/alalbalingerie.com\/index.php\/tienda\/\"},{\"@type\":\"ListItem\",\"position\":3,\"name\":\"Set Corpi\u00f1o\"}]},{\"@type\":\"WebSite\",\"@id\":\"https:\/\/alalbalingerie.com\/#website\",\"url\":\"https:\/\/alalbalingerie.com\/\",\"name\":\"Al Alba Lingerie\",\"description\":\"\",\"publisher\":{\"@id\":\"https:\/\/alalbalingerie.com\/#organization\"},\"potentialAction\":[{\"@type\":\"SearchAction\",\"target\":{\"@type\":\"EntryPoint\",\"urlTemplate\":\"https:\/\/alalbalingerie.com\/?s={search_term_string}\"},\"query-input\":{\"@type\":\"PropertyValueSpecification\",\"valueRequired\":true,\"valueName\":\"search_term_string\"}}],\"inLanguage\":\"es\"},{\"@type\":\"Organization\",\"@id\":\"https:\/\/alalbalingerie.com\/#organization\",\"name\":\"Al Alba Lingerie\",\"url\":\"https:\/\/alalbalingerie.com\/\",\"logo\":{\"@type\":\"ImageObject\",\"inLanguage\":\"es\",\"@id\":\"https:\/\/alalbalingerie.com\/#\/schema\/logo\/image\/\",\"url\":\"https:\/\/alalbalingerie.com\/wp-content\/uploads\/2024\/02\/cropped-ALB_Versiones-Logo_Color.png\",\"contentUrl\":\"https:\/\/alalbalingerie.com\/wp-content\/uploads\/2024\/02\/cropped-ALB_Versiones-Logo_Color.png\",\"width\":740,\"height\":683,\"caption\":\"Al Alba Lingerie\"},\"image\":{\"@id\":\"https:\/\/alalbalingerie.com\/#\/schema\/logo\/image\/\"},\"sameAs\":[\"https:\/\/www.facebook.com\/profile.php?id=61553399609754\",\"https:\/\/www.instagram.com\/alalbalingerie\/\"]}]}<\/script>\n<!-- \/ Yoast SEO plugin. -->","yoast_head_json":{"title":"Set Corpi\u00f1o - Al Alba Lingerie","robots":{"index":"index","follow":"follow","max-snippet":"max-snippet:-1","max-image-preview":"max-image-preview:large","max-video-preview":"max-video-preview:-1"},"canonical":"https:\/\/alalbalingerie.com\/index.php\/producto\/corpino\/","og_locale":"es_ES","og_type":"article","og_title":"Set Corpi\u00f1o - Al Alba Lingerie","og_description":"Descripci\u00f3n &nbsp;  Set corpi\u00f1o, copa prehormada con varilla en microfibra recicladas\u00a0 de \u00faltima tecnolog\u00eda, es de segunda piel suave y de contacto fr\u00edo, con varillas laterales que marcan tu silueta, el panty es de silueta tipo control que genera composici\u00f3n, moldea tu figura de una manera arm\u00f3nica, c\u00f3moda y natural.  \u00a0 C\u00f3mo usarlo: Ideal para tu d\u00eda a d\u00eda, para un regalo especial, para una salida en la noche o simplemente para verte elegante y sentirte hermosa.  &nbsp;  POR RAZONES DE HIGIENE NUESTRAS PRENDAS NO TIENEN CAMBIOS NI DEVOLUCIONES.  &nbsp; Materiales: 78% nylon, 22%spandex microfibra recicladas de \u00faltima tecnolog\u00eda, refuerzo 100% algod\u00f3n para tu cuidado \u00edntimos.","og_url":"https:\/\/alalbalingerie.com\/index.php\/producto\/corpino\/","og_site_name":"Al Alba Lingerie","article_publisher":"https:\/\/www.facebook.com\/profile.php?id=61553399609754","article_modified_time":"2025-04-08T22:05:36+00:00","og_image":[{"width":1951,"height":2560,"url":"https:\/\/alalbalingerie.com\/wp-content\/uploads\/2024\/02\/corppino-scaled.jpeg","type":"image\/jpeg"}],"twitter_card":"summary_large_image","twitter_misc":{"Tiempo de lectura":"1 minuto"},"schema":{"@context":"https:\/\/schema.org","@graph":[{"@type":"WebPage","@id":"https:\/\/alalbalingerie.com\/index.php\/producto\/corpino\/","url":"https:\/\/alalbalingerie.com\/index.php\/producto\/corpino\/","name":"Set Corpi\u00f1o - Al Alba Lingerie","isPartOf":{"@id":"https:\/\/alalbalingerie.com\/#website"},"primaryImageOfPage":{"@id":"https:\/\/alalbalingerie.com\/index.php\/producto\/corpino\/#primaryimage"},"image":{"@id":"https:\/\/alalbalingerie.com\/index.php\/producto\/corpino\/#primaryimage"},"thumbnailUrl":"https:\/\/alalbalingerie.com\/wp-content\/uploads\/2024\/02\/corppino-scaled.jpeg","datePublished":"2024-02-03T02:02:38+00:00","dateModified":"2025-04-08T22:05:36+00:00","breadcrumb":{"@id":"https:\/\/alalbalingerie.com\/index.php\/producto\/corpino\/#breadcrumb"},"inLanguage":"es","potentialAction":[{"@type":"ReadAction","target":["https:\/\/alalbalingerie.com\/index.php\/producto\/corpino\/"]}]},{"@type":"ImageObject","inLanguage":"es","@id":"https:\/\/alalbalingerie.com\/index.php\/producto\/corpino\/#primaryimage","url":"https:\/\/alalbalingerie.com\/wp-content\/uploads\/2024\/02\/corppino-scaled.jpeg","contentUrl":"https:\/\/alalbalingerie.com\/wp-content\/uploads\/2024\/02\/corppino-scaled.jpeg","width":1951,"height":2560},{"@type":"BreadcrumbList","@id":"https:\/\/alalbalingerie.com\/index.php\/producto\/corpino\/#breadcrumb","itemListElement":[{"@type":"ListItem","position":1,"name":"Portada","item":"https:\/\/alalbalingerie.com\/"},{"@type":"ListItem","position":2,"name":"Tienda","item":"https:\/\/alalbalingerie.com\/index.php\/tienda\/"},{"@type":"ListItem","position":3,"name":"Set Corpi\u00f1o"}]},{"@type":"WebSite","@id":"https:\/\/alalbalingerie.com\/#website","url":"https:\/\/alalbalingerie.com\/","name":"Al Alba Lingerie","description":"","publisher":{"@id":"https:\/\/alalbalingerie.com\/#organization"},"potentialAction":[{"@type":"SearchAction","target":{"@type":"EntryPoint","urlTemplate":"https:\/\/alalbalingerie.com\/?s={search_term_string}"},"query-input":{"@type":"PropertyValueSpecification","valueRequired":true,"valueName":"search_term_string"}}],"inLanguage":"es"},{"@type":"Organization","@id":"https:\/\/alalbalingerie.com\/#organization","name":"Al Alba Lingerie","url":"https:\/\/alalbalingerie.com\/","logo":{"@type":"ImageObject","inLanguage":"es","@id":"https:\/\/alalbalingerie.com\/#\/schema\/logo\/image\/","url":"https:\/\/alalbalingerie.com\/wp-content\/uploads\/2024\/02\/cropped-ALB_Versiones-Logo_Color.png","contentUrl":"https:\/\/alalbalingerie.com\/wp-content\/uploads\/2024\/02\/cropped-ALB_Versiones-Logo_Color.png","width":740,"height":683,"caption":"Al Alba Lingerie"},"image":{"@id":"https:\/\/alalbalingerie.com\/#\/schema\/logo\/image\/"},"sameAs":["https:\/\/www.facebook.com\/profile.php?id=61553399609754","https:\/\/www.instagram.com\/alalbalingerie\/"]}]}},"_links":{"self":[{"href":"https:\/\/alalbalingerie.com\/index.php\/wp-json\/wp\/v2\/product\/45","targetHints":{"allow":["GET"]}}],"collection":[{"href":"https:\/\/alalbalingerie.com\/index.php\/wp-json\/wp\/v2\/product"}],"about":[{"href":"https:\/\/alalbalingerie.com\/index.php\/wp-json\/wp\/v2\/types\/product"}],"wp:featuredmedia":[{"embeddable":true,"href":"https:\/\/alalbalingerie.com\/index.php\/wp-json\/wp\/v2\/media\/1595"}],"wp:attachment":[{"href":"https:\/\/alalbalingerie.com\/index.php\/wp-json\/wp\/v2\/media?parent=45"}],"wp:term":[{"taxonomy":"product_brand","embeddable":true,"href":"https:\/\/alalbalingerie.com\/index.php\/wp-json\/wp\/v2\/product_brand?post=45"},{"taxonomy":"product_cat","embeddable":true,"href":"https:\/\/alalbalingerie.com\/index.php\/wp-json\/wp\/v2\/product_cat?post=45"},{"taxonomy":"product_tag","embeddable":true,"href":"https:\/\/alalbalingerie.com\/index.php\/wp-json\/wp\/v2\/product_tag?post=45"}],"curies":[{"name":"wp","href":"https:\/\/api.w.org\/{rel}","templated":true}]}}