{"id":891,"date":"2024-03-01T21:11:04","date_gmt":"2024-03-01T20:11:04","guid":{"rendered":"https:\/\/alalbalingerie.comm\/?page_id=891"},"modified":"2024-05-15T05:43:27","modified_gmt":"2024-05-15T10:43:27","slug":"quienes-somos","status":"publish","type":"page","link":"https:\/\/alalbalingerie.com\/index.php\/quienes-somos\/","title":{"rendered":"Quienes somos"},"content":{"rendered":"\t\t<div data-elementor-type=\"wp-page\" data-elementor-id=\"891\" class=\"elementor elementor-891\" data-elementor-post-type=\"page\">\n\t\t\t\t<div class=\"elementor-element elementor-element-0404209 e-flex e-con-boxed e-con e-parent\" data-id=\"0404209\" data-element_type=\"container\">\n\t\t\t\t\t<div class=\"e-con-inner\">\n\t\t\t\t<div class=\"elementor-element elementor-element-7c2e4f7 elementor-hidden-tablet elementor-hidden-mobile elementor-widget-divider--view-line elementor-widget elementor-widget-divider\" data-id=\"7c2e4f7\" data-element_type=\"widget\" data-widget_type=\"divider.default\">\n\t\t\t\t<div class=\"elementor-widget-container\">\n\t\t\t\t\t\t\t<div class=\"elementor-divider\">\n\t\t\t<span class=\"elementor-divider-separator\">\n\t\t\t\t\t\t<\/span>\n\t\t<\/div>\n\t\t\t\t\t\t<\/div>\n\t\t\t\t<\/div>\n\t\t\t\t<div class=\"elementor-element elementor-element-4ba7436 elementor-hidden-desktop elementor-widget-divider--view-line elementor-widget elementor-widget-divider\" data-id=\"4ba7436\" data-element_type=\"widget\" data-widget_type=\"divider.default\">\n\t\t\t\t<div class=\"elementor-widget-container\">\n\t\t\t\t\t\t\t<div class=\"elementor-divider\">\n\t\t\t<span class=\"elementor-divider-separator\">\n\t\t\t\t\t\t<\/span>\n\t\t<\/div>\n\t\t\t\t\t\t<\/div>\n\t\t\t\t<\/div>\n\t\t\t\t<div class=\"elementor-element elementor-element-6edf0d1 elementor-widget elementor-widget-image\" data-id=\"6edf0d1\" data-element_type=\"widget\" data-widget_type=\"image.default\">\n\t\t\t\t<div class=\"elementor-widget-container\">\n\t\t\t\t\t\t\t\t\t\t\t\t\t\t\t<img fetchpriority=\"high\" decoding=\"async\" width=\"800\" height=\"635\" src=\"https:\/\/alalbalingerie.com\/wp-content\/uploads\/2024\/05\/Sitio-Web-Fotografico-De-Tienda-Interiores-Amarillo-y-Crema-2.png\" class=\"attachment-large size-large wp-image-2278\" alt=\"\" srcset=\"https:\/\/alalbalingerie.com\/wp-content\/uploads\/2024\/05\/Sitio-Web-Fotografico-De-Tienda-Interiores-Amarillo-y-Crema-2.png 968w, https:\/\/alalbalingerie.com\/wp-content\/uploads\/2024\/05\/Sitio-Web-Fotografico-De-Tienda-Interiores-Amarillo-y-Crema-2-300x238.png 300w, https:\/\/alalbalingerie.com\/wp-content\/uploads\/2024\/05\/Sitio-Web-Fotografico-De-Tienda-Interiores-Amarillo-y-Crema-2-768x609.png 768w\" sizes=\"(max-width: 800px) 100vw, 800px\" \/>\t\t\t\t\t\t\t\t\t\t\t\t\t\t\t<\/div>\n\t\t\t\t<\/div>\n\t\t\t\t\t<\/div>\n\t\t\t\t<\/div>\n\t\t<div class=\"elementor-element elementor-element-91a03b1 e-flex e-con-boxed e-con e-parent\" data-id=\"91a03b1\" data-element_type=\"container\">\n\t\t\t\t\t<div class=\"e-con-inner\">\n\t\t<div class=\"elementor-element elementor-element-7ef18e6 e-con-full e-flex e-con e-child\" data-id=\"7ef18e6\" data-element_type=\"container\">\n\t\t\t\t<div class=\"elementor-element elementor-element-445e27f elementor-hidden-tablet elementor-hidden-mobile elementor-widget-divider--view-line elementor-widget elementor-widget-divider\" data-id=\"445e27f\" data-element_type=\"widget\" data-widget_type=\"divider.default\">\n\t\t\t\t<div class=\"elementor-widget-container\">\n\t\t\t\t\t\t\t<div class=\"elementor-divider\">\n\t\t\t<span class=\"elementor-divider-separator\">\n\t\t\t\t\t\t<\/span>\n\t\t<\/div>\n\t\t\t\t\t\t<\/div>\n\t\t\t\t<\/div>\n\t\t\t\t<div class=\"elementor-element elementor-element-718a025 elementor-widget elementor-widget-text-editor\" data-id=\"718a025\" data-element_type=\"widget\" data-widget_type=\"text-editor.default\">\n\t\t\t\t<div class=\"elementor-widget-container\">\n\t\t\t\t\t\t\t\t\t<p><span style=\"font-weight: 400;\">AL ALBA es una marca con ALMA, que celebra la fuerza y la belleza de las mujeres resaltando lo maravilloso de ser aut\u00e9nticas. Creamos y dise\u00f1amos prendas de lencer\u00eda y ropa deportiva desde el amor y la pasi\u00f3n de la feminidad y delicadeza, generando seguridad, confianza y amor propio.<\/span><\/p><p><span style=\"font-weight: 400;\">Creemos en el poder de la comunidad que cuenta historias de mujeres aut\u00e9nticas, trabajadoras, madres, esposas y universitarias que en su dia a dia necesitan sentirse c\u00f3modas en lo m\u00e1gico que significa ser mujer y en lo bella\u00a0 quiere verse siempre.<\/span><\/p><p>\u00a0<\/p><h5><em>Somos una marca 100% Colombiana que apoya el cuidado del medio ambiente con empaque y etiquetas biodegradables.<\/em><\/h5>\t\t\t\t\t\t\t\t<\/div>\n\t\t\t\t<\/div>\n\t\t\t\t<div class=\"elementor-element elementor-element-2ca5168 elementor-hidden-tablet elementor-hidden-mobile elementor-widget-divider--view-line elementor-widget elementor-widget-divider\" data-id=\"2ca5168\" data-element_type=\"widget\" data-widget_type=\"divider.default\">\n\t\t\t\t<div class=\"elementor-widget-container\">\n\t\t\t\t\t\t\t<div class=\"elementor-divider\">\n\t\t\t<span class=\"elementor-divider-separator\">\n\t\t\t\t\t\t<\/span>\n\t\t<\/div>\n\t\t\t\t\t\t<\/div>\n\t\t\t\t<\/div>\n\t\t\t\t<\/div>\n\t\t\t\t\t<\/div>\n\t\t\t\t<\/div>\n\t\t<div class=\"elementor-element elementor-element-56d216a e-flex e-con-boxed e-con e-parent\" data-id=\"56d216a\" data-element_type=\"container\">\n\t\t\t\t\t<div class=\"e-con-inner\">\n\t\t\t\t<div class=\"elementor-element elementor-element-86d5ad6 elementor-widget elementor-widget-image\" data-id=\"86d5ad6\" data-element_type=\"widget\" data-widget_type=\"image.default\">\n\t\t\t\t<div class=\"elementor-widget-container\">\n\t\t\t\t\t\t\t\t\t\t\t\t\t\t\t<img decoding=\"async\" width=\"800\" height=\"565\" src=\"https:\/\/alalbalingerie.com\/wp-content\/uploads\/2024\/03\/IMG_4638-1024x723.jpg\" class=\"attachment-large size-large wp-image-1047\" alt=\"\" srcset=\"https:\/\/alalbalingerie.com\/wp-content\/uploads\/2024\/03\/IMG_4638-1024x723.jpg 1024w, https:\/\/alalbalingerie.com\/wp-content\/uploads\/2024\/03\/IMG_4638-scaled-1800x1271.jpg 1800w, https:\/\/alalbalingerie.com\/wp-content\/uploads\/2024\/03\/IMG_4638-300x212.jpg 300w, https:\/\/alalbalingerie.com\/wp-content\/uploads\/2024\/03\/IMG_4638-768x542.jpg 768w, https:\/\/alalbalingerie.com\/wp-content\/uploads\/2024\/03\/IMG_4638-1536x1085.jpg 1536w, https:\/\/alalbalingerie.com\/wp-content\/uploads\/2024\/03\/IMG_4638-2048x1446.jpg 2048w\" sizes=\"(max-width: 800px) 100vw, 800px\" \/>\t\t\t\t\t\t\t\t\t\t\t\t\t\t\t<\/div>\n\t\t\t\t<\/div>\n\t\t\t\t\t<\/div>\n\t\t\t\t<\/div>\n\t\t<div class=\"elementor-element elementor-element-e005e75 e-flex e-con-boxed e-con e-parent\" data-id=\"e005e75\" data-element_type=\"container\">\n\t\t\t\t\t<div class=\"e-con-inner\">\n\t\t\t\t<div class=\"elementor-element elementor-element-dd339b2 elementor-hidden-desktop elementor-hidden-tablet elementor-hidden-mobile elementor-widget-divider--view-line elementor-widget elementor-widget-divider\" data-id=\"dd339b2\" data-element_type=\"widget\" data-widget_type=\"divider.default\">\n\t\t\t\t<div class=\"elementor-widget-container\">\n\t\t\t\t\t\t\t<div class=\"elementor-divider\">\n\t\t\t<span class=\"elementor-divider-separator\">\n\t\t\t\t\t\t<\/span>\n\t\t<\/div>\n\t\t\t\t\t\t<\/div>\n\t\t\t\t<\/div>\n\t\t\t\t<div class=\"elementor-element elementor-element-a433a4a elementor-widget elementor-widget-spacer\" data-id=\"a433a4a\" data-element_type=\"widget\" data-widget_type=\"spacer.default\">\n\t\t\t\t<div class=\"elementor-widget-container\">\n\t\t\t\t\t\t\t<div class=\"elementor-spacer\">\n\t\t\t<div class=\"elementor-spacer-inner\"><\/div>\n\t\t<\/div>\n\t\t\t\t\t\t<\/div>\n\t\t\t\t<\/div>\n\t\t\t\t<div class=\"elementor-element elementor-element-e559bf8 elementor-widget elementor-widget-text-editor\" data-id=\"e559bf8\" data-element_type=\"widget\" data-widget_type=\"text-editor.default\">\n\t\t\t\t<div class=\"elementor-widget-container\">\n\t\t\t\t\t\t\t\t\t<p><span style=\"font-weight: 400;\">Dahiana Otalvaro y Maria Isabel Zapata, colombianas, creadoras de AL ALBA LINGERIE, mam\u00e1s, amigas y socias, con un sue\u00f1o, un prop\u00f3sito y un objetivo en com\u00fan, de poder crear y servir a otras personas desde el amor, dejando huellas y reafirmando que los sue\u00f1os s\u00ed se hacen realidad con dedicaci\u00f3n, esfuerzo, decisi\u00f3n y mucho amor.<\/span><\/p>\t\t\t\t\t\t\t\t<\/div>\n\t\t\t\t<\/div>\n\t\t\t\t\t<\/div>\n\t\t\t\t<\/div>\n\t\t<div class=\"elementor-element elementor-element-d0e815d e-flex e-con-boxed e-con e-parent\" data-id=\"d0e815d\" data-element_type=\"container\">\n\t\t\t\t\t<div class=\"e-con-inner\">\n\t\t\t\t<div class=\"elementor-element elementor-element-4c9e73f elementor-widget elementor-widget-spacer\" data-id=\"4c9e73f\" data-element_type=\"widget\" data-widget_type=\"spacer.default\">\n\t\t\t\t<div class=\"elementor-widget-container\">\n\t\t\t\t\t\t\t<div class=\"elementor-spacer\">\n\t\t\t<div class=\"elementor-spacer-inner\"><\/div>\n\t\t<\/div>\n\t\t\t\t\t\t<\/div>\n\t\t\t\t<\/div>\n\t\t\t\t\t<\/div>\n\t\t\t\t<\/div>\n\t\t\t\t<\/div>\n\t\t","protected":false},"excerpt":{"rendered":"<p>AL ALBA es una marca con ALMA, que celebra la fuerza y la belleza de las mujeres resaltando lo maravilloso de ser aut\u00e9nticas. Creamos y dise\u00f1amos prendas de lencer\u00eda y ropa deportiva desde el amor y la pasi\u00f3n de la feminidad y delicadeza, generando seguridad, confianza y amor propio. Creemos en el poder de la [&hellip;]<\/p>\n","protected":false},"author":1,"featured_media":0,"parent":0,"menu_order":0,"comment_status":"closed","ping_status":"closed","template":"elementor_header_footer","meta":{"footnotes":""},"class_list":["post-891","page","type-page","status-publish","hentry"],"acf":[],"yoast_head":"<!-- This site is optimized with the Yoast SEO plugin v24.8.1 - https:\/\/yoast.com\/wordpress\/plugins\/seo\/ -->\n<title>Quienes somos - Al Alba Lingerie<\/title>\n<meta name=\"robots\" content=\"index, follow, max-snippet:-1, max-image-preview:large, max-video-preview:-1\" \/>\n<link rel=\"canonical\" href=\"https:\/\/alalbalingerie.com\/index.php\/quienes-somos\/\" \/>\n<meta property=\"og:locale\" content=\"es_ES\" \/>\n<meta property=\"og:type\" content=\"article\" \/>\n<meta property=\"og:title\" content=\"Quienes somos - Al Alba Lingerie\" \/>\n<meta property=\"og:description\" content=\"AL ALBA es una marca con ALMA, que celebra la fuerza y la belleza de las mujeres resaltando lo maravilloso de ser aut\u00e9nticas. Creamos y dise\u00f1amos prendas de lencer\u00eda y ropa deportiva desde el amor y la pasi\u00f3n de la feminidad y delicadeza, generando seguridad, confianza y amor propio. Creemos en el poder de la [&hellip;]\" \/>\n<meta property=\"og:url\" content=\"https:\/\/alalbalingerie.com\/index.php\/quienes-somos\/\" \/>\n<meta property=\"og:site_name\" content=\"Al Alba Lingerie\" \/>\n<meta property=\"article:publisher\" content=\"https:\/\/www.facebook.com\/profile.php?id=61553399609754\" \/>\n<meta property=\"article:modified_time\" content=\"2024-05-15T10:43:27+00:00\" \/>\n<meta property=\"og:image\" content=\"https:\/\/alalbalingerie.com\/wp-content\/uploads\/2024\/05\/Sitio-Web-Fotografico-De-Tienda-Interiores-Amarillo-y-Crema-2.png\" \/>\n<meta name=\"twitter:card\" content=\"summary_large_image\" \/>\n<meta name=\"twitter:label1\" content=\"Tiempo de lectura\" \/>\n\t<meta name=\"twitter:data1\" content=\"2 minutos\" \/>\n<script type=\"application\/ld+json\" class=\"yoast-schema-graph\">{\"@context\":\"https:\/\/schema.org\",\"@graph\":[{\"@type\":\"WebPage\",\"@id\":\"https:\/\/alalbalingerie.com\/index.php\/quienes-somos\/\",\"url\":\"https:\/\/alalbalingerie.com\/index.php\/quienes-somos\/\",\"name\":\"Quienes somos - Al Alba Lingerie\",\"isPartOf\":{\"@id\":\"https:\/\/alalbalingerie.com\/#website\"},\"primaryImageOfPage\":{\"@id\":\"https:\/\/alalbalingerie.com\/index.php\/quienes-somos\/#primaryimage\"},\"image\":{\"@id\":\"https:\/\/alalbalingerie.com\/index.php\/quienes-somos\/#primaryimage\"},\"thumbnailUrl\":\"https:\/\/alalbalingerie.com\/wp-content\/uploads\/2024\/05\/Sitio-Web-Fotografico-De-Tienda-Interiores-Amarillo-y-Crema-2.png\",\"datePublished\":\"2024-03-01T20:11:04+00:00\",\"dateModified\":\"2024-05-15T10:43:27+00:00\",\"breadcrumb\":{\"@id\":\"https:\/\/alalbalingerie.com\/index.php\/quienes-somos\/#breadcrumb\"},\"inLanguage\":\"es\",\"potentialAction\":[{\"@type\":\"ReadAction\",\"target\":[\"https:\/\/alalbalingerie.com\/index.php\/quienes-somos\/\"]}]},{\"@type\":\"ImageObject\",\"inLanguage\":\"es\",\"@id\":\"https:\/\/alalbalingerie.com\/index.php\/quienes-somos\/#primaryimage\",\"url\":\"https:\/\/alalbalingerie.com\/wp-content\/uploads\/2024\/05\/Sitio-Web-Fotografico-De-Tienda-Interiores-Amarillo-y-Crema-2.png\",\"contentUrl\":\"https:\/\/alalbalingerie.com\/wp-content\/uploads\/2024\/05\/Sitio-Web-Fotografico-De-Tienda-Interiores-Amarillo-y-Crema-2.png\",\"width\":968,\"height\":768},{\"@type\":\"BreadcrumbList\",\"@id\":\"https:\/\/alalbalingerie.com\/index.php\/quienes-somos\/#breadcrumb\",\"itemListElement\":[{\"@type\":\"ListItem\",\"position\":1,\"name\":\"Portada\",\"item\":\"https:\/\/alalbalingerie.com\/\"},{\"@type\":\"ListItem\",\"position\":2,\"name\":\"Quienes somos\"}]},{\"@type\":\"WebSite\",\"@id\":\"https:\/\/alalbalingerie.com\/#website\",\"url\":\"https:\/\/alalbalingerie.com\/\",\"name\":\"Al Alba Lingerie\",\"description\":\"\",\"publisher\":{\"@id\":\"https:\/\/alalbalingerie.com\/#organization\"},\"potentialAction\":[{\"@type\":\"SearchAction\",\"target\":{\"@type\":\"EntryPoint\",\"urlTemplate\":\"https:\/\/alalbalingerie.com\/?s={search_term_string}\"},\"query-input\":{\"@type\":\"PropertyValueSpecification\",\"valueRequired\":true,\"valueName\":\"search_term_string\"}}],\"inLanguage\":\"es\"},{\"@type\":\"Organization\",\"@id\":\"https:\/\/alalbalingerie.com\/#organization\",\"name\":\"Al Alba Lingerie\",\"url\":\"https:\/\/alalbalingerie.com\/\",\"logo\":{\"@type\":\"ImageObject\",\"inLanguage\":\"es\",\"@id\":\"https:\/\/alalbalingerie.com\/#\/schema\/logo\/image\/\",\"url\":\"https:\/\/alalbalingerie.com\/wp-content\/uploads\/2024\/02\/cropped-ALB_Versiones-Logo_Color.png\",\"contentUrl\":\"https:\/\/alalbalingerie.com\/wp-content\/uploads\/2024\/02\/cropped-ALB_Versiones-Logo_Color.png\",\"width\":740,\"height\":683,\"caption\":\"Al Alba Lingerie\"},\"image\":{\"@id\":\"https:\/\/alalbalingerie.com\/#\/schema\/logo\/image\/\"},\"sameAs\":[\"https:\/\/www.facebook.com\/profile.php?id=61553399609754\",\"https:\/\/www.instagram.com\/alalbalingerie\/\"]}]}<\/script>\n<!-- \/ Yoast SEO plugin. -->","yoast_head_json":{"title":"Quienes somos - Al Alba Lingerie","robots":{"index":"index","follow":"follow","max-snippet":"max-snippet:-1","max-image-preview":"max-image-preview:large","max-video-preview":"max-video-preview:-1"},"canonical":"https:\/\/alalbalingerie.com\/index.php\/quienes-somos\/","og_locale":"es_ES","og_type":"article","og_title":"Quienes somos - Al Alba Lingerie","og_description":"AL ALBA es una marca con ALMA, que celebra la fuerza y la belleza de las mujeres resaltando lo maravilloso de ser aut\u00e9nticas. Creamos y dise\u00f1amos prendas de lencer\u00eda y ropa deportiva desde el amor y la pasi\u00f3n de la feminidad y delicadeza, generando seguridad, confianza y amor propio. Creemos en el poder de la [&hellip;]","og_url":"https:\/\/alalbalingerie.com\/index.php\/quienes-somos\/","og_site_name":"Al Alba Lingerie","article_publisher":"https:\/\/www.facebook.com\/profile.php?id=61553399609754","article_modified_time":"2024-05-15T10:43:27+00:00","og_image":[{"url":"https:\/\/alalbalingerie.com\/wp-content\/uploads\/2024\/05\/Sitio-Web-Fotografico-De-Tienda-Interiores-Amarillo-y-Crema-2.png","type":"","width":"","height":""}],"twitter_card":"summary_large_image","twitter_misc":{"Tiempo de lectura":"2 minutos"},"schema":{"@context":"https:\/\/schema.org","@graph":[{"@type":"WebPage","@id":"https:\/\/alalbalingerie.com\/index.php\/quienes-somos\/","url":"https:\/\/alalbalingerie.com\/index.php\/quienes-somos\/","name":"Quienes somos - Al Alba Lingerie","isPartOf":{"@id":"https:\/\/alalbalingerie.com\/#website"},"primaryImageOfPage":{"@id":"https:\/\/alalbalingerie.com\/index.php\/quienes-somos\/#primaryimage"},"image":{"@id":"https:\/\/alalbalingerie.com\/index.php\/quienes-somos\/#primaryimage"},"thumbnailUrl":"https:\/\/alalbalingerie.com\/wp-content\/uploads\/2024\/05\/Sitio-Web-Fotografico-De-Tienda-Interiores-Amarillo-y-Crema-2.png","datePublished":"2024-03-01T20:11:04+00:00","dateModified":"2024-05-15T10:43:27+00:00","breadcrumb":{"@id":"https:\/\/alalbalingerie.com\/index.php\/quienes-somos\/#breadcrumb"},"inLanguage":"es","potentialAction":[{"@type":"ReadAction","target":["https:\/\/alalbalingerie.com\/index.php\/quienes-somos\/"]}]},{"@type":"ImageObject","inLanguage":"es","@id":"https:\/\/alalbalingerie.com\/index.php\/quienes-somos\/#primaryimage","url":"https:\/\/alalbalingerie.com\/wp-content\/uploads\/2024\/05\/Sitio-Web-Fotografico-De-Tienda-Interiores-Amarillo-y-Crema-2.png","contentUrl":"https:\/\/alalbalingerie.com\/wp-content\/uploads\/2024\/05\/Sitio-Web-Fotografico-De-Tienda-Interiores-Amarillo-y-Crema-2.png","width":968,"height":768},{"@type":"BreadcrumbList","@id":"https:\/\/alalbalingerie.com\/index.php\/quienes-somos\/#breadcrumb","itemListElement":[{"@type":"ListItem","position":1,"name":"Portada","item":"https:\/\/alalbalingerie.com\/"},{"@type":"ListItem","position":2,"name":"Quienes somos"}]},{"@type":"WebSite","@id":"https:\/\/alalbalingerie.com\/#website","url":"https:\/\/alalbalingerie.com\/","name":"Al Alba Lingerie","description":"","publisher":{"@id":"https:\/\/alalbalingerie.com\/#organization"},"potentialAction":[{"@type":"SearchAction","target":{"@type":"EntryPoint","urlTemplate":"https:\/\/alalbalingerie.com\/?s={search_term_string}"},"query-input":{"@type":"PropertyValueSpecification","valueRequired":true,"valueName":"search_term_string"}}],"inLanguage":"es"},{"@type":"Organization","@id":"https:\/\/alalbalingerie.com\/#organization","name":"Al Alba Lingerie","url":"https:\/\/alalbalingerie.com\/","logo":{"@type":"ImageObject","inLanguage":"es","@id":"https:\/\/alalbalingerie.com\/#\/schema\/logo\/image\/","url":"https:\/\/alalbalingerie.com\/wp-content\/uploads\/2024\/02\/cropped-ALB_Versiones-Logo_Color.png","contentUrl":"https:\/\/alalbalingerie.com\/wp-content\/uploads\/2024\/02\/cropped-ALB_Versiones-Logo_Color.png","width":740,"height":683,"caption":"Al Alba Lingerie"},"image":{"@id":"https:\/\/alalbalingerie.com\/#\/schema\/logo\/image\/"},"sameAs":["https:\/\/www.facebook.com\/profile.php?id=61553399609754","https:\/\/www.instagram.com\/alalbalingerie\/"]}]}},"_links":{"self":[{"href":"https:\/\/alalbalingerie.com\/index.php\/wp-json\/wp\/v2\/pages\/891","targetHints":{"allow":["GET"]}}],"collection":[{"href":"https:\/\/alalbalingerie.com\/index.php\/wp-json\/wp\/v2\/pages"}],"about":[{"href":"https:\/\/alalbalingerie.com\/index.php\/wp-json\/wp\/v2\/types\/page"}],"author":[{"embeddable":true,"href":"https:\/\/alalbalingerie.com\/index.php\/wp-json\/wp\/v2\/users\/1"}],"replies":[{"embeddable":true,"href":"https:\/\/alalbalingerie.com\/index.php\/wp-json\/wp\/v2\/comments?post=891"}],"version-history":[{"count":116,"href":"https:\/\/alalbalingerie.com\/index.php\/wp-json\/wp\/v2\/pages\/891\/revisions"}],"predecessor-version":[{"id":2403,"href":"https:\/\/alalbalingerie.com\/index.php\/wp-json\/wp\/v2\/pages\/891\/revisions\/2403"}],"wp:attachment":[{"href":"https:\/\/alalbalingerie.com\/index.php\/wp-json\/wp\/v2\/media?parent=891"}],"curies":[{"name":"wp","href":"https:\/\/api.w.org\/{rel}","templated":true}]}}