{"id":1519,"date":"2024-04-01T00:18:14","date_gmt":"2024-03-31T22:18:14","guid":{"rendered":"https:\/\/alalbalingerie.comm\/?page_id=1519"},"modified":"2024-04-01T00:18:15","modified_gmt":"2024-03-31T22:18:15","slug":"politica-de-privacidad","status":"publish","type":"page","link":"https:\/\/alalbalingerie.com\/index.php\/politica-de-privacidad\/","title":{"rendered":"POL\u00cdTICA DE PRIVACIDAD"},"content":{"rendered":"\n<p><strong>Al Alba Lingerie S.A.S<br><\/strong><br>Nit:<\/p>\n\n\n\n<p>Tel\u00e9fono de contacto: +57 300 5464597<\/p>\n\n\n\n<p>Ley aplicable: Legislaci\u00f3n colombiana<\/p>\n\n\n\n<p>La Constituci\u00f3n Pol\u00edtica de Colombia reconoce el derecho universal de todas las personas a estar informadas, actualizar y corregir la informaci\u00f3n que reposa sobre ellas en bases de datos o archivos, ya sean de entidades p\u00fablicas o privadas. Igualmente, establece la obligaci\u00f3n para aquellos que manejan Datos Personales de terceros de respetar los derechos y garant\u00edas consagrados en la Constituci\u00f3n durante la recolecci\u00f3n, tratamiento y circulaci\u00f3n de esta informaci\u00f3n.<\/p>\n\n\n\n<p>De manera similar, la Constituci\u00f3n Pol\u00edtica de Colombia garantiza el derecho de cualquier individuo a acceder a informaci\u00f3n veraz e imparcial.<\/p>\n\n\n\n<p>Al Alba Lingerie S.A.S. se compromete a cumplir con la normativa de protecci\u00f3n de Datos Personales y a respetar los derechos de los Titulares de la informaci\u00f3n. Por esta raz\u00f3n, adopta la presente Pol\u00edtica de Tratamiento de Datos Personales, la cual es de aplicaci\u00f3n obligatoria en todas las actividades que incluyan el Tratamiento de Datos Personales y que debe ser cumplida por parte de la Compa\u00f1\u00eda, sus Administradores, Colaboradores y los terceros con los que esta se relacione contractual o comercialmente.<\/p>\n\n\n\n<p>El Tratamiento de los Datos Personales podr\u00e1 llevarse a cabo a trav\u00e9s de medios f\u00edsicos, automatizados o digitales, de acuerdo con el tipo y la forma de recolecci\u00f3n de la informaci\u00f3n.<\/p>\n\n\n\n<p><strong>Al Alba Lingerie S.A.S podr\u00e1 utilizar los datos personales para:<\/strong><\/p>\n\n\n\n<ul class=\"wp-block-list\">\n<li>Cumplir con la relaci\u00f3n contractual existente con clientes, proveedores y trabajadores, incluyendo el pago de obligaciones contractuales y el ejercicio de los derechos derivados de los mismos.<\/li>\n\n\n\n<li>Proporcionar los servicios y\/o productos requeridos por los usuarios.<\/li>\n\n\n\n<li>Informar sobre nuevos productos o servicios y\/o cambios en los mismos.<\/li>\n\n\n\n<li>Evaluar la calidad del servicio.<\/li>\n\n\n\n<li>Realizar estudios internos sobre h\u00e1bitos de consumo.<\/li>\n\n\n\n<li>Enviar informaci\u00f3n comercial, publicitaria o promocional sobre productos y\/o servicios, eventos y\/o promociones de tipo comercial o no, a trav\u00e9s de correo f\u00edsico, electr\u00f3nico, celular o dispositivo m\u00f3vil, mensajes de texto (SMS y\/o MMS) u otros medios an\u00e1logos y\/o digitales de comunicaci\u00f3n, con el objetivo de impulsar, invitar, dirigir, ejecutar, informar y, en general, llevar a cabo campa\u00f1as, promociones o concursos de car\u00e1cter comercial o publicitario, adelantados por Al Alba Lingerie S.A.S, y\/o por terceras personas.<\/li>\n\n\n\n<li>Desarrollar el proceso de selecci\u00f3n, evaluaci\u00f3n y vinculaci\u00f3n laboral, as\u00ed como los procesos requeridos para cumplir cabalmente la relaci\u00f3n laboral, incluido el otorgamiento de beneficios.<\/li>\n\n\n\n<li>Soportar procesos de auditor\u00eda interna o externa.<\/li>\n\n\n\n<li>Registrar la informaci\u00f3n de empleados y\/o pensionados (activos e inactivos) en las bases de datos de Al Alba Lingerie S.A.S.<\/li>\n\n\n\n<li>Aquellos indicados en la autorizaci\u00f3n otorgada por el titular del dato o descritos en el aviso de privacidad respectivo, seg\u00fan sea el caso.<\/li>\n\n\n\n<li>Suministrar, compartir, enviar o entregar datos personales a empresas filiales, vinculadas o subordinadas de Al Alba Lingerie S.A.S ubicadas en Colombia o cualquier otro pa\u00eds, en caso de que dichas compa\u00f1\u00edas requieran la informaci\u00f3n para los fines aqu\u00ed indicados.<\/li>\n\n\n\n<li>Entregar datos personales a compa\u00f1\u00edas aseguradoras cuando sea estrictamente necesario para amparar los riesgos de Al Alba Lingerie S.A.S.<\/li>\n\n\n\n<li>Realizar actividades de mercadeo, ventas y promocionales, telemarketing (mercadeo telef\u00f3nico), servicio al cliente, actividades de activaci\u00f3n de marca, premios y promociones, ya sea directamente o a trav\u00e9s de terceros derivados de alianzas comerciales o cualquier otro v\u00ednculo.<\/li>\n\n\n\n<li>Implementar estrategias de relacionamiento con clientes, proveedores, accionistas y otros terceros con los cuales la Empresa tenga relaciones contractuales o legales.<\/li>\n\n\n\n<li>Realizar invitaciones a eventos, mejorar productos y servicios u ofertar nuevos productos, as\u00ed como llevar a cabo todas aquellas actividades asociadas a la relaci\u00f3n comercial o v\u00ednculo existente con Al Alba Lingerie S.A.S, o aquel que llegare a tener.<\/li>\n\n\n\n<li>Entre otras actividades, sin exceder los l\u00edmites de la ley.<br><br><br><\/li>\n<\/ul>\n\n\n\n<p><strong>Autorizaci\u00f3n para el Tratamiento de Datos<\/strong><\/p>\n\n\n\n<p>La autorizaci\u00f3n del titular se obtiene a trav\u00e9s de cualquier medio que pueda ser objeto de consulta posterior, como la p\u00e1gina web, formularios, formatos, actividades, concursos presenciales o en redes sociales, formatos PQR, mensajes de datos o aplicaciones.<\/p>\n\n\n\n<p>Si se proporciona un dato personal, la informaci\u00f3n se utilizar\u00e1 solo para los prop\u00f3sitos aqu\u00ed se\u00f1alados. Por tanto, Al Alba Lingerie S.A.S. no proceder\u00e1 a vender, licenciar, transmitir o divulgar la misma, a menos que:<\/p>\n\n\n\n<ul class=\"wp-block-list\">\n<li>Exista autorizaci\u00f3n expresa para hacerlo.<\/li>\n\n\n\n<li>Sea necesario para permitir a los contratistas o agentes prestar los servicios encomendados.<\/li>\n\n\n\n<li>Sea necesario con el fin de proveer servicios y\/o productos.<\/li>\n\n\n\n<li>Sea necesario divulgarla a entidades que prestan servicios de mercadeo en nombre de Al Alba Lingerie S.A.S. o a otras entidades con las cuales se tengan acuerdos de mercado conjunto.<\/li>\n\n\n\n<li>La informaci\u00f3n tenga relaci\u00f3n con una fusi\u00f3n, consolidaci\u00f3n, adquisici\u00f3n, desinversi\u00f3n u otro proceso de reestructuraci\u00f3n de la sociedad.<\/li>\n\n\n\n<li>Sea requerido o permitido por la ley.<\/li>\n\n\n\n<li>Al Alba Lingerie S.A.S. podr\u00e1 subcontratar a terceros para el procesamiento de determinadas funciones o informaci\u00f3n. Cuando se subcontrate con terceros el procesamiento de informaci\u00f3n personal o se proporcione informaci\u00f3n personal a terceros prestadores de servicios, Al Alba Lingerie S.A.S. informar\u00e1 a dichos terceros sobre la necesidad de proteger la informaci\u00f3n personal con medidas de seguridad apropiadas. Se proh\u00edbe el uso de la informaci\u00f3n para fines propios, y se solicita que no se divulgue la informaci\u00f3n personal a otros.<\/li>\n<\/ul>\n\n\n\n<p><strong>Derechos de los titulares de datos personales<\/strong><\/p>\n\n\n\n<p>Los titulares de datos personales, ya sea directamente o a trav\u00e9s de su representante, apoderado o causahabiente, podr\u00e1n ejercer los siguientes derechos respecto de los datos personales que sean objeto de tratamiento por parte de Al Alba Lingerie S.A.S.<br><br><br><\/p>\n\n\n\n<ul class=\"wp-block-list\">\n<li>Derecho de acceso: Este derecho permite obtener acceso a los datos personales bajo el control de Al Alba Lingerie S.A.S. Se puede consultar de forma gratuita al menos una vez al mes calendario y cada vez que haya modificaciones sustanciales en las Pol\u00edticas de Tratamiento de la informaci\u00f3n que motiven nuevas consultas.<\/li>\n<\/ul>\n\n\n\n<ul class=\"wp-block-list\">\n<li>Derecho de actualizaci\u00f3n, rectificaci\u00f3n y supresi\u00f3n: Este derecho permite solicitar la actualizaci\u00f3n, rectificaci\u00f3n y\/o supresi\u00f3n de los datos personales en tratamiento, garantizando as\u00ed que se cumplan los prop\u00f3sitos establecidos.<\/li>\n<\/ul>\n\n\n\n<ul class=\"wp-block-list\">\n<li>Derecho a solicitar prueba de la autorizaci\u00f3n: Salvo en situaciones en las cuales, seg\u00fan las normas legales vigentes, no sea necesario contar con la autorizaci\u00f3n para llevar a cabo el tratamiento.<\/li>\n<\/ul>\n\n\n\n<ul class=\"wp-block-list\">\n<li>Derecho a ser informado respecto del uso del dato personal.<\/li>\n<\/ul>\n\n\n\n<ul class=\"wp-block-list\">\n<li>Derecho a presentar quejas ante la Superintendencia de Industria y Comercio: Este derecho se ejerce en caso de infracciones a las normas sobre tratamiento de datos personales.<\/li>\n<\/ul>\n\n\n\n<ul class=\"wp-block-list\">\n<li>Derecho a requerir el cumplimiento de las \u00f3rdenes emitidas por la Superintendencia de Industria y Comercio.<\/li>\n<\/ul>\n\n\n\n<ul class=\"wp-block-list\">\n<li>Para ejercer estos derechos, tanto el titular como la persona que lo represente deben demostrar su identidad y, si aplica, la calidad en virtud de la cual representan al titular. En el caso de los derechos de los menores de edad, estos ser\u00e1n ejercidos por las personas facultadas para representarlos.<\/li>\n<\/ul>\n\n\n\n<p>La pol\u00edtica de tratamiento de datos se encuentra disponible en la siguiente direcci\u00f3n web: https:\/\/albalingerie.co\/. En situaciones donde se recojan datos personales sensibles, el titular tiene la opci\u00f3n de negarse a autorizar su tratamiento.<\/p>\n\n\n\n<p>El \u00e1rea de mercado de Al Alba Lingerie S.A.S. ser\u00e1 responsable de atender las peticiones, quejas y reclamos que formule el titular del dato en ejercicio, a excepci\u00f3n de lo descrito en su numeral e) sobre el derecho a presentar quejas ante la Superintendencia de Industria y Comercio.<\/p>\n\n\n\n<p>Para realizar solicitudes, quejas o reclamos, el titular del dato personal o su representante puede enviar la correspondencia de lunes a viernes de 8:00 a.m. a 5:00 p.m. al correo electr\u00f3nico contacto@albalingerie.co o llamar a la l\u00ednea telef\u00f3nica +57 300 5464597<\/p>\n","protected":false},"excerpt":{"rendered":"<p>Al Alba Lingerie S.A.SNit: Tel\u00e9fono de contacto: +57 300 5464597 Ley aplicable: Legislaci\u00f3n colombiana La Constituci\u00f3n Pol\u00edtica de Colombia reconoce el derecho universal de todas las personas a estar informadas, actualizar y corregir la informaci\u00f3n que reposa sobre ellas en bases de datos o archivos, ya sean de entidades p\u00fablicas o privadas. Igualmente, establece la [&hellip;]<\/p>\n","protected":false},"author":1,"featured_media":0,"parent":0,"menu_order":0,"comment_status":"closed","ping_status":"closed","template":"","meta":{"footnotes":""},"class_list":["post-1519","page","type-page","status-publish","hentry"],"acf":[],"yoast_head":"<!-- This site is optimized with the Yoast SEO plugin v24.8.1 - https:\/\/yoast.com\/wordpress\/plugins\/seo\/ -->\n<title>POL\u00cdTICA DE PRIVACIDAD - Al Alba Lingerie<\/title>\n<meta name=\"robots\" content=\"index, follow, max-snippet:-1, max-image-preview:large, max-video-preview:-1\" \/>\n<link rel=\"canonical\" href=\"https:\/\/alalbalingerie.com\/index.php\/politica-de-privacidad\/\" \/>\n<meta property=\"og:locale\" content=\"es_ES\" \/>\n<meta property=\"og:type\" content=\"article\" \/>\n<meta property=\"og:title\" content=\"POL\u00cdTICA DE PRIVACIDAD - Al Alba Lingerie\" \/>\n<meta property=\"og:description\" content=\"Al Alba Lingerie S.A.SNit: Tel\u00e9fono de contacto: +57 300 5464597 Ley aplicable: Legislaci\u00f3n colombiana La Constituci\u00f3n Pol\u00edtica de Colombia reconoce el derecho universal de todas las personas a estar informadas, actualizar y corregir la informaci\u00f3n que reposa sobre ellas en bases de datos o archivos, ya sean de entidades p\u00fablicas o privadas. Igualmente, establece la [&hellip;]\" \/>\n<meta property=\"og:url\" content=\"https:\/\/alalbalingerie.com\/index.php\/politica-de-privacidad\/\" \/>\n<meta property=\"og:site_name\" content=\"Al Alba Lingerie\" \/>\n<meta property=\"article:publisher\" content=\"https:\/\/www.facebook.com\/profile.php?id=61553399609754\" \/>\n<meta property=\"article:modified_time\" content=\"2024-03-31T22:18:15+00:00\" \/>\n<meta name=\"twitter:card\" content=\"summary_large_image\" \/>\n<meta name=\"twitter:label1\" content=\"Tiempo de lectura\" \/>\n\t<meta name=\"twitter:data1\" content=\"6 minutos\" \/>\n<script type=\"application\/ld+json\" class=\"yoast-schema-graph\">{\"@context\":\"https:\/\/schema.org\",\"@graph\":[{\"@type\":\"WebPage\",\"@id\":\"https:\/\/alalbalingerie.com\/index.php\/politica-de-privacidad\/\",\"url\":\"https:\/\/alalbalingerie.com\/index.php\/politica-de-privacidad\/\",\"name\":\"POL\u00cdTICA DE PRIVACIDAD - Al Alba Lingerie\",\"isPartOf\":{\"@id\":\"https:\/\/alalbalingerie.com\/#website\"},\"datePublished\":\"2024-03-31T22:18:14+00:00\",\"dateModified\":\"2024-03-31T22:18:15+00:00\",\"breadcrumb\":{\"@id\":\"https:\/\/alalbalingerie.com\/index.php\/politica-de-privacidad\/#breadcrumb\"},\"inLanguage\":\"es\",\"potentialAction\":[{\"@type\":\"ReadAction\",\"target\":[\"https:\/\/alalbalingerie.com\/index.php\/politica-de-privacidad\/\"]}]},{\"@type\":\"BreadcrumbList\",\"@id\":\"https:\/\/alalbalingerie.com\/index.php\/politica-de-privacidad\/#breadcrumb\",\"itemListElement\":[{\"@type\":\"ListItem\",\"position\":1,\"name\":\"Portada\",\"item\":\"https:\/\/alalbalingerie.com\/\"},{\"@type\":\"ListItem\",\"position\":2,\"name\":\"POL\u00cdTICA DE PRIVACIDAD\"}]},{\"@type\":\"WebSite\",\"@id\":\"https:\/\/alalbalingerie.com\/#website\",\"url\":\"https:\/\/alalbalingerie.com\/\",\"name\":\"Al Alba Lingerie\",\"description\":\"\",\"publisher\":{\"@id\":\"https:\/\/alalbalingerie.com\/#organization\"},\"potentialAction\":[{\"@type\":\"SearchAction\",\"target\":{\"@type\":\"EntryPoint\",\"urlTemplate\":\"https:\/\/alalbalingerie.com\/?s={search_term_string}\"},\"query-input\":{\"@type\":\"PropertyValueSpecification\",\"valueRequired\":true,\"valueName\":\"search_term_string\"}}],\"inLanguage\":\"es\"},{\"@type\":\"Organization\",\"@id\":\"https:\/\/alalbalingerie.com\/#organization\",\"name\":\"Al Alba Lingerie\",\"url\":\"https:\/\/alalbalingerie.com\/\",\"logo\":{\"@type\":\"ImageObject\",\"inLanguage\":\"es\",\"@id\":\"https:\/\/alalbalingerie.com\/#\/schema\/logo\/image\/\",\"url\":\"https:\/\/alalbalingerie.com\/wp-content\/uploads\/2024\/02\/cropped-ALB_Versiones-Logo_Color.png\",\"contentUrl\":\"https:\/\/alalbalingerie.com\/wp-content\/uploads\/2024\/02\/cropped-ALB_Versiones-Logo_Color.png\",\"width\":740,\"height\":683,\"caption\":\"Al Alba Lingerie\"},\"image\":{\"@id\":\"https:\/\/alalbalingerie.com\/#\/schema\/logo\/image\/\"},\"sameAs\":[\"https:\/\/www.facebook.com\/profile.php?id=61553399609754\",\"https:\/\/www.instagram.com\/alalbalingerie\/\"]}]}<\/script>\n<!-- \/ Yoast SEO plugin. -->","yoast_head_json":{"title":"POL\u00cdTICA DE PRIVACIDAD - Al Alba Lingerie","robots":{"index":"index","follow":"follow","max-snippet":"max-snippet:-1","max-image-preview":"max-image-preview:large","max-video-preview":"max-video-preview:-1"},"canonical":"https:\/\/alalbalingerie.com\/index.php\/politica-de-privacidad\/","og_locale":"es_ES","og_type":"article","og_title":"POL\u00cdTICA DE PRIVACIDAD - Al Alba Lingerie","og_description":"Al Alba Lingerie S.A.SNit: Tel\u00e9fono de contacto: +57 300 5464597 Ley aplicable: Legislaci\u00f3n colombiana La Constituci\u00f3n Pol\u00edtica de Colombia reconoce el derecho universal de todas las personas a estar informadas, actualizar y corregir la informaci\u00f3n que reposa sobre ellas en bases de datos o archivos, ya sean de entidades p\u00fablicas o privadas. Igualmente, establece la [&hellip;]","og_url":"https:\/\/alalbalingerie.com\/index.php\/politica-de-privacidad\/","og_site_name":"Al Alba Lingerie","article_publisher":"https:\/\/www.facebook.com\/profile.php?id=61553399609754","article_modified_time":"2024-03-31T22:18:15+00:00","twitter_card":"summary_large_image","twitter_misc":{"Tiempo de lectura":"6 minutos"},"schema":{"@context":"https:\/\/schema.org","@graph":[{"@type":"WebPage","@id":"https:\/\/alalbalingerie.com\/index.php\/politica-de-privacidad\/","url":"https:\/\/alalbalingerie.com\/index.php\/politica-de-privacidad\/","name":"POL\u00cdTICA DE PRIVACIDAD - Al Alba Lingerie","isPartOf":{"@id":"https:\/\/alalbalingerie.com\/#website"},"datePublished":"2024-03-31T22:18:14+00:00","dateModified":"2024-03-31T22:18:15+00:00","breadcrumb":{"@id":"https:\/\/alalbalingerie.com\/index.php\/politica-de-privacidad\/#breadcrumb"},"inLanguage":"es","potentialAction":[{"@type":"ReadAction","target":["https:\/\/alalbalingerie.com\/index.php\/politica-de-privacidad\/"]}]},{"@type":"BreadcrumbList","@id":"https:\/\/alalbalingerie.com\/index.php\/politica-de-privacidad\/#breadcrumb","itemListElement":[{"@type":"ListItem","position":1,"name":"Portada","item":"https:\/\/alalbalingerie.com\/"},{"@type":"ListItem","position":2,"name":"POL\u00cdTICA DE PRIVACIDAD"}]},{"@type":"WebSite","@id":"https:\/\/alalbalingerie.com\/#website","url":"https:\/\/alalbalingerie.com\/","name":"Al Alba Lingerie","description":"","publisher":{"@id":"https:\/\/alalbalingerie.com\/#organization"},"potentialAction":[{"@type":"SearchAction","target":{"@type":"EntryPoint","urlTemplate":"https:\/\/alalbalingerie.com\/?s={search_term_string}"},"query-input":{"@type":"PropertyValueSpecification","valueRequired":true,"valueName":"search_term_string"}}],"inLanguage":"es"},{"@type":"Organization","@id":"https:\/\/alalbalingerie.com\/#organization","name":"Al Alba Lingerie","url":"https:\/\/alalbalingerie.com\/","logo":{"@type":"ImageObject","inLanguage":"es","@id":"https:\/\/alalbalingerie.com\/#\/schema\/logo\/image\/","url":"https:\/\/alalbalingerie.com\/wp-content\/uploads\/2024\/02\/cropped-ALB_Versiones-Logo_Color.png","contentUrl":"https:\/\/alalbalingerie.com\/wp-content\/uploads\/2024\/02\/cropped-ALB_Versiones-Logo_Color.png","width":740,"height":683,"caption":"Al Alba Lingerie"},"image":{"@id":"https:\/\/alalbalingerie.com\/#\/schema\/logo\/image\/"},"sameAs":["https:\/\/www.facebook.com\/profile.php?id=61553399609754","https:\/\/www.instagram.com\/alalbalingerie\/"]}]}},"_links":{"self":[{"href":"https:\/\/alalbalingerie.com\/index.php\/wp-json\/wp\/v2\/pages\/1519","targetHints":{"allow":["GET"]}}],"collection":[{"href":"https:\/\/alalbalingerie.com\/index.php\/wp-json\/wp\/v2\/pages"}],"about":[{"href":"https:\/\/alalbalingerie.com\/index.php\/wp-json\/wp\/v2\/types\/page"}],"author":[{"embeddable":true,"href":"https:\/\/alalbalingerie.com\/index.php\/wp-json\/wp\/v2\/users\/1"}],"replies":[{"embeddable":true,"href":"https:\/\/alalbalingerie.com\/index.php\/wp-json\/wp\/v2\/comments?post=1519"}],"version-history":[{"count":1,"href":"https:\/\/alalbalingerie.com\/index.php\/wp-json\/wp\/v2\/pages\/1519\/revisions"}],"predecessor-version":[{"id":1521,"href":"https:\/\/alalbalingerie.com\/index.php\/wp-json\/wp\/v2\/pages\/1519\/revisions\/1521"}],"wp:attachment":[{"href":"https:\/\/alalbalingerie.com\/index.php\/wp-json\/wp\/v2\/media?parent=1519"}],"curies":[{"name":"wp","href":"https:\/\/api.w.org\/{rel}","templated":true}]}}